{"id":114,"date":"2022-12-07T20:04:57","date_gmt":"2022-12-07T20:04:57","guid":{"rendered":"http:\/\/www.climjack.pl\/?page_id=114"},"modified":"2022-12-10T20:25:11","modified_gmt":"2022-12-10T20:25:11","slug":"klimatyzacje","status":"publish","type":"page","link":"https:\/\/www.climjack.pl\/index.php\/klimatyzacje\/","title":{"rendered":"Klimatyzacje"},"content":{"rendered":"\n<p>Nasza firma zajmuje si\u0119 kompleksowym monta\u017cem i\u00a0serwisem system\u00f3w klimatyzacji na\u00a0terenie Tr\u00f3jmiasta i\u00a0okolic. Gwarantujemy sprawne dzia\u0142anie instalacji oraz\u00a0posiadamy niezb\u0119dne uprawnienia do\u00a0wykonywania us\u0142ug serwisowych. Nasze us\u0142ugi cechuje najlepszy stosunek jako\u015bci do\u00a0ceny. Oznacza to, \u017ce\u00a0otrzymuj\u0105 Pa\u0144stwo us\u0142ugi wysokiej jako\u015bci w\u00a0rozs\u0105dnej cenie. Ka\u017cda nasza us\u0142uga wyceniania jest indywidualnie. Instalujemy systemy klimatyzacji w\u00a0domach jednorodzinnych, lokalach u\u017cytkowych, restauracjach, biurach.<\/p>\n\n\n\n<p><\/p>\n\n\n\n<p><\/p>\n\n\n\n<figure class=\"wp-block-image size-large\"><img loading=\"lazy\" decoding=\"async\" width=\"1024\" height=\"473\" src=\"http:\/\/www.climjack.pl\/wp-content\/uploads\/2022\/12\/IMG_2589-1024x473.png\" alt=\"\" class=\"wp-image-55\" srcset=\"https:\/\/www.climjack.pl\/wp-content\/uploads\/2022\/12\/IMG_2589-1024x473.png 1024w, https:\/\/www.climjack.pl\/wp-content\/uploads\/2022\/12\/IMG_2589-300x139.png 300w, https:\/\/www.climjack.pl\/wp-content\/uploads\/2022\/12\/IMG_2589-768x355.png 768w, https:\/\/www.climjack.pl\/wp-content\/uploads\/2022\/12\/IMG_2589-1536x710.png 1536w, https:\/\/www.climjack.pl\/wp-content\/uploads\/2022\/12\/IMG_2589-2048x946.png 2048w\" sizes=\"(max-width: 767px) 89vw, (max-width: 1000px) 54vw, (max-width: 1071px) 543px, 580px\" \/><\/figure>\n","protected":false},"excerpt":{"rendered":"<p>Nasza firma zajmuje si\u0119 kompleksowym monta\u017cem i\u00a0serwisem system\u00f3w klimatyzacji na\u00a0terenie Tr\u00f3jmiasta i\u00a0okolic. Gwarantujemy sprawne dzia\u0142anie instalacji oraz\u00a0posiadamy niezb\u0119dne uprawnienia do\u00a0wykonywania us\u0142ug serwisowych. Nasze us\u0142ugi cechuje najlepszy stosunek jako\u015bci do\u00a0ceny. Oznacza to, \u017ce\u00a0otrzymuj\u0105 Pa\u0144stwo us\u0142ugi wysokiej jako\u015bci w\u00a0rozs\u0105dnej cenie. Ka\u017cda nasza us\u0142uga wyceniania jest indywidualnie. Instalujemy systemy klimatyzacji w\u00a0domach jednorodzinnych, lokalach u\u017cytkowych, restauracjach, biurach.<\/p>\n","protected":false},"author":1,"featured_media":0,"parent":0,"menu_order":0,"comment_status":"closed","ping_status":"closed","template":"","meta":{"footnotes":""},"yoast_head":"<!-- This site is optimized with the Yoast SEO plugin v23.9 - https:\/\/yoast.com\/wordpress\/plugins\/seo\/ -->\n<title>Klimatyzacje - ClimJack<\/title>\n<meta name=\"robots\" content=\"index, follow, max-snippet:-1, max-image-preview:large, max-video-preview:-1\" \/>\n<link rel=\"canonical\" href=\"https:\/\/www.climjack.pl\/index.php\/klimatyzacje\/\" \/>\n<meta property=\"og:locale\" content=\"pl_PL\" \/>\n<meta property=\"og:type\" content=\"article\" \/>\n<meta property=\"og:title\" content=\"Klimatyzacje - ClimJack\" \/>\n<meta property=\"og:description\" content=\"Nasza firma zajmuje si\u0119 kompleksowym monta\u017cem i\u00a0serwisem system\u00f3w klimatyzacji na\u00a0terenie Tr\u00f3jmiasta i\u00a0okolic. Gwarantujemy sprawne dzia\u0142anie instalacji oraz\u00a0posiadamy niezb\u0119dne uprawnienia do\u00a0wykonywania us\u0142ug serwisowych. Nasze us\u0142ugi cechuje najlepszy stosunek jako\u015bci do\u00a0ceny. Oznacza to, \u017ce\u00a0otrzymuj\u0105 Pa\u0144stwo us\u0142ugi wysokiej jako\u015bci w\u00a0rozs\u0105dnej cenie. Ka\u017cda nasza us\u0142uga wyceniania jest indywidualnie. Instalujemy systemy klimatyzacji w\u00a0domach jednorodzinnych, lokalach u\u017cytkowych, restauracjach, biurach.\" \/>\n<meta property=\"og:url\" content=\"https:\/\/www.climjack.pl\/index.php\/klimatyzacje\/\" \/>\n<meta property=\"og:site_name\" content=\"ClimJack\" \/>\n<meta property=\"article:publisher\" content=\"https:\/\/www.facebook.com\/profile.php?id=100088537752834\" \/>\n<meta property=\"article:modified_time\" content=\"2022-12-10T20:25:11+00:00\" \/>\n<meta property=\"og:image\" content=\"http:\/\/www.climjack.pl\/wp-content\/uploads\/2022\/12\/IMG_2589-1024x473.png\" \/>\n<meta name=\"twitter:card\" content=\"summary_large_image\" \/>\n<script type=\"application\/ld+json\" class=\"yoast-schema-graph\">{\"@context\":\"https:\/\/schema.org\",\"@graph\":[{\"@type\":\"WebPage\",\"@id\":\"https:\/\/www.climjack.pl\/index.php\/klimatyzacje\/\",\"url\":\"https:\/\/www.climjack.pl\/index.php\/klimatyzacje\/\",\"name\":\"Klimatyzacje - ClimJack\",\"isPartOf\":{\"@id\":\"https:\/\/www.climjack.pl\/#website\"},\"primaryImageOfPage\":{\"@id\":\"https:\/\/www.climjack.pl\/index.php\/klimatyzacje\/#primaryimage\"},\"image\":{\"@id\":\"https:\/\/www.climjack.pl\/index.php\/klimatyzacje\/#primaryimage\"},\"thumbnailUrl\":\"http:\/\/www.climjack.pl\/wp-content\/uploads\/2022\/12\/IMG_2589-1024x473.png\",\"datePublished\":\"2022-12-07T20:04:57+00:00\",\"dateModified\":\"2022-12-10T20:25:11+00:00\",\"breadcrumb\":{\"@id\":\"https:\/\/www.climjack.pl\/index.php\/klimatyzacje\/#breadcrumb\"},\"inLanguage\":\"pl-PL\",\"potentialAction\":[{\"@type\":\"ReadAction\",\"target\":[\"https:\/\/www.climjack.pl\/index.php\/klimatyzacje\/\"]}]},{\"@type\":\"ImageObject\",\"inLanguage\":\"pl-PL\",\"@id\":\"https:\/\/www.climjack.pl\/index.php\/klimatyzacje\/#primaryimage\",\"url\":\"http:\/\/www.climjack.pl\/wp-content\/uploads\/2022\/12\/IMG_2589-1024x473.png\",\"contentUrl\":\"http:\/\/www.climjack.pl\/wp-content\/uploads\/2022\/12\/IMG_2589-1024x473.png\"},{\"@type\":\"BreadcrumbList\",\"@id\":\"https:\/\/www.climjack.pl\/index.php\/klimatyzacje\/#breadcrumb\",\"itemListElement\":[{\"@type\":\"ListItem\",\"position\":1,\"name\":\"Strona g\u0142\u00f3wna\",\"item\":\"https:\/\/www.climjack.pl\/\"},{\"@type\":\"ListItem\",\"position\":2,\"name\":\"Klimatyzacje\"}]},{\"@type\":\"WebSite\",\"@id\":\"https:\/\/www.climjack.pl\/#website\",\"url\":\"https:\/\/www.climjack.pl\/\",\"name\":\"ClimJack\",\"description\":\"Jacek Nosek\",\"publisher\":{\"@id\":\"https:\/\/www.climjack.pl\/#organization\"},\"potentialAction\":[{\"@type\":\"SearchAction\",\"target\":{\"@type\":\"EntryPoint\",\"urlTemplate\":\"https:\/\/www.climjack.pl\/?s={search_term_string}\"},\"query-input\":{\"@type\":\"PropertyValueSpecification\",\"valueRequired\":true,\"valueName\":\"search_term_string\"}}],\"inLanguage\":\"pl-PL\"},{\"@type\":\"Organization\",\"@id\":\"https:\/\/www.climjack.pl\/#organization\",\"name\":\"ClimJack\",\"url\":\"https:\/\/www.climjack.pl\/\",\"logo\":{\"@type\":\"ImageObject\",\"inLanguage\":\"pl-PL\",\"@id\":\"https:\/\/www.climjack.pl\/#\/schema\/logo\/image\/\",\"url\":\"https:\/\/www.climjack.pl\/wp-content\/uploads\/2022\/12\/cropped-cropped-Oryginalny.png\",\"contentUrl\":\"https:\/\/www.climjack.pl\/wp-content\/uploads\/2022\/12\/cropped-cropped-Oryginalny.png\",\"width\":250,\"height\":250,\"caption\":\"ClimJack\"},\"image\":{\"@id\":\"https:\/\/www.climjack.pl\/#\/schema\/logo\/image\/\"},\"sameAs\":[\"https:\/\/www.facebook.com\/profile.php?id=100088537752834\"]}]}<\/script>\n<!-- \/ Yoast SEO plugin. -->","yoast_head_json":{"title":"Klimatyzacje - ClimJack","robots":{"index":"index","follow":"follow","max-snippet":"max-snippet:-1","max-image-preview":"max-image-preview:large","max-video-preview":"max-video-preview:-1"},"canonical":"https:\/\/www.climjack.pl\/index.php\/klimatyzacje\/","og_locale":"pl_PL","og_type":"article","og_title":"Klimatyzacje - ClimJack","og_description":"Nasza firma zajmuje si\u0119 kompleksowym monta\u017cem i\u00a0serwisem system\u00f3w klimatyzacji na\u00a0terenie Tr\u00f3jmiasta i\u00a0okolic. Gwarantujemy sprawne dzia\u0142anie instalacji oraz\u00a0posiadamy niezb\u0119dne uprawnienia do\u00a0wykonywania us\u0142ug serwisowych. Nasze us\u0142ugi cechuje najlepszy stosunek jako\u015bci do\u00a0ceny. Oznacza to, \u017ce\u00a0otrzymuj\u0105 Pa\u0144stwo us\u0142ugi wysokiej jako\u015bci w\u00a0rozs\u0105dnej cenie. Ka\u017cda nasza us\u0142uga wyceniania jest indywidualnie. Instalujemy systemy klimatyzacji w\u00a0domach jednorodzinnych, lokalach u\u017cytkowych, restauracjach, biurach.","og_url":"https:\/\/www.climjack.pl\/index.php\/klimatyzacje\/","og_site_name":"ClimJack","article_publisher":"https:\/\/www.facebook.com\/profile.php?id=100088537752834","article_modified_time":"2022-12-10T20:25:11+00:00","og_image":[{"url":"http:\/\/www.climjack.pl\/wp-content\/uploads\/2022\/12\/IMG_2589-1024x473.png"}],"twitter_card":"summary_large_image","schema":{"@context":"https:\/\/schema.org","@graph":[{"@type":"WebPage","@id":"https:\/\/www.climjack.pl\/index.php\/klimatyzacje\/","url":"https:\/\/www.climjack.pl\/index.php\/klimatyzacje\/","name":"Klimatyzacje - ClimJack","isPartOf":{"@id":"https:\/\/www.climjack.pl\/#website"},"primaryImageOfPage":{"@id":"https:\/\/www.climjack.pl\/index.php\/klimatyzacje\/#primaryimage"},"image":{"@id":"https:\/\/www.climjack.pl\/index.php\/klimatyzacje\/#primaryimage"},"thumbnailUrl":"http:\/\/www.climjack.pl\/wp-content\/uploads\/2022\/12\/IMG_2589-1024x473.png","datePublished":"2022-12-07T20:04:57+00:00","dateModified":"2022-12-10T20:25:11+00:00","breadcrumb":{"@id":"https:\/\/www.climjack.pl\/index.php\/klimatyzacje\/#breadcrumb"},"inLanguage":"pl-PL","potentialAction":[{"@type":"ReadAction","target":["https:\/\/www.climjack.pl\/index.php\/klimatyzacje\/"]}]},{"@type":"ImageObject","inLanguage":"pl-PL","@id":"https:\/\/www.climjack.pl\/index.php\/klimatyzacje\/#primaryimage","url":"http:\/\/www.climjack.pl\/wp-content\/uploads\/2022\/12\/IMG_2589-1024x473.png","contentUrl":"http:\/\/www.climjack.pl\/wp-content\/uploads\/2022\/12\/IMG_2589-1024x473.png"},{"@type":"BreadcrumbList","@id":"https:\/\/www.climjack.pl\/index.php\/klimatyzacje\/#breadcrumb","itemListElement":[{"@type":"ListItem","position":1,"name":"Strona g\u0142\u00f3wna","item":"https:\/\/www.climjack.pl\/"},{"@type":"ListItem","position":2,"name":"Klimatyzacje"}]},{"@type":"WebSite","@id":"https:\/\/www.climjack.pl\/#website","url":"https:\/\/www.climjack.pl\/","name":"ClimJack","description":"Jacek Nosek","publisher":{"@id":"https:\/\/www.climjack.pl\/#organization"},"potentialAction":[{"@type":"SearchAction","target":{"@type":"EntryPoint","urlTemplate":"https:\/\/www.climjack.pl\/?s={search_term_string}"},"query-input":{"@type":"PropertyValueSpecification","valueRequired":true,"valueName":"search_term_string"}}],"inLanguage":"pl-PL"},{"@type":"Organization","@id":"https:\/\/www.climjack.pl\/#organization","name":"ClimJack","url":"https:\/\/www.climjack.pl\/","logo":{"@type":"ImageObject","inLanguage":"pl-PL","@id":"https:\/\/www.climjack.pl\/#\/schema\/logo\/image\/","url":"https:\/\/www.climjack.pl\/wp-content\/uploads\/2022\/12\/cropped-cropped-Oryginalny.png","contentUrl":"https:\/\/www.climjack.pl\/wp-content\/uploads\/2022\/12\/cropped-cropped-Oryginalny.png","width":250,"height":250,"caption":"ClimJack"},"image":{"@id":"https:\/\/www.climjack.pl\/#\/schema\/logo\/image\/"},"sameAs":["https:\/\/www.facebook.com\/profile.php?id=100088537752834"]}]}},"_links":{"self":[{"href":"https:\/\/www.climjack.pl\/index.php\/wp-json\/wp\/v2\/pages\/114"}],"collection":[{"href":"https:\/\/www.climjack.pl\/index.php\/wp-json\/wp\/v2\/pages"}],"about":[{"href":"https:\/\/www.climjack.pl\/index.php\/wp-json\/wp\/v2\/types\/page"}],"author":[{"embeddable":true,"href":"https:\/\/www.climjack.pl\/index.php\/wp-json\/wp\/v2\/users\/1"}],"replies":[{"embeddable":true,"href":"https:\/\/www.climjack.pl\/index.php\/wp-json\/wp\/v2\/comments?post=114"}],"version-history":[{"count":3,"href":"https:\/\/www.climjack.pl\/index.php\/wp-json\/wp\/v2\/pages\/114\/revisions"}],"predecessor-version":[{"id":223,"href":"https:\/\/www.climjack.pl\/index.php\/wp-json\/wp\/v2\/pages\/114\/revisions\/223"}],"wp:attachment":[{"href":"https:\/\/www.climjack.pl\/index.php\/wp-json\/wp\/v2\/media?parent=114"}],"curies":[{"name":"wp","href":"https:\/\/api.w.org\/{rel}","templated":true}]}}