{"id":178,"date":"2022-12-08T22:07:46","date_gmt":"2022-12-08T22:07:46","guid":{"rendered":"http:\/\/www.climjack.pl\/?page_id=178"},"modified":"2022-12-10T19:32:28","modified_gmt":"2022-12-10T19:32:28","slug":"promocje","status":"publish","type":"page","link":"https:\/\/www.climjack.pl\/index.php\/promocje\/","title":{"rendered":"Promocje"},"content":{"rendered":"\n<figure class=\"wp-block-image size-full\"><img loading=\"lazy\" decoding=\"async\" width=\"800\" height=\"384\" src=\"http:\/\/www.climjack.pl\/wp-content\/uploads\/2022\/12\/pol_pl_Klimatyzator-Rotenso-Ukura-X-3-5-kW-1896_6.jpg\" alt=\"\" class=\"wp-image-173\" srcset=\"https:\/\/www.climjack.pl\/wp-content\/uploads\/2022\/12\/pol_pl_Klimatyzator-Rotenso-Ukura-X-3-5-kW-1896_6.jpg 800w, https:\/\/www.climjack.pl\/wp-content\/uploads\/2022\/12\/pol_pl_Klimatyzator-Rotenso-Ukura-X-3-5-kW-1896_6-300x144.jpg 300w, https:\/\/www.climjack.pl\/wp-content\/uploads\/2022\/12\/pol_pl_Klimatyzator-Rotenso-Ukura-X-3-5-kW-1896_6-768x369.jpg 768w\" sizes=\"(max-width: 767px) 89vw, (max-width: 1000px) 54vw, (max-width: 1071px) 543px, 580px\" \/><\/figure>\n\n\n\n<h2 class=\"wp-block-heading\">Rotenso Ukura Seria X 2.6kW<\/h2>\n\n\n\n<p>CENA 4000 z\u0142 brutto!<\/p>\n\n\n\n<p>*Ceny dotycz\u0105 prostego monta\u017cu, czyli:<\/p>\n\n\n\n<ol>\n<li>Instalacja do 4mb d\u0142ugo\u015bci,<\/li>\n\n\n\n<li>Natynkowo, bez bruzdowania,<\/li>\n\n\n\n<li>Odp\u0142yw skroplin grawitacyjnie do rynny lub do pojemnika,<\/li>\n\n\n\n<li>Zasilanie z gniazdka na wtyczk\u0119,<\/li>\n\n\n\n<li>Jednostka zewn\u0119trzna stoj\u0105ca lub wisz\u0105ca do 5m wysoko\u015bci.<\/li>\n<\/ol>\n\n\n\n<p><\/p>\n\n\n\n<p><\/p>\n\n\n\n<p><\/p>\n\n\n\n<p><\/p>\n\n\n\n<figure class=\"wp-block-image size-large\"><img loading=\"lazy\" decoding=\"async\" width=\"1024\" height=\"576\" src=\"http:\/\/www.climjack.pl\/wp-content\/uploads\/2022\/12\/pol_pl_Klimatyzator-Rotenso-Ukura-X-3-5-kW-1896_11-1024x576.png\" alt=\"\" class=\"wp-image-188\" srcset=\"https:\/\/www.climjack.pl\/wp-content\/uploads\/2022\/12\/pol_pl_Klimatyzator-Rotenso-Ukura-X-3-5-kW-1896_11-1024x576.png 1024w, https:\/\/www.climjack.pl\/wp-content\/uploads\/2022\/12\/pol_pl_Klimatyzator-Rotenso-Ukura-X-3-5-kW-1896_11-300x169.png 300w, https:\/\/www.climjack.pl\/wp-content\/uploads\/2022\/12\/pol_pl_Klimatyzator-Rotenso-Ukura-X-3-5-kW-1896_11-768x432.png 768w, https:\/\/www.climjack.pl\/wp-content\/uploads\/2022\/12\/pol_pl_Klimatyzator-Rotenso-Ukura-X-3-5-kW-1896_11.png 1238w\" sizes=\"(max-width: 767px) 89vw, (max-width: 1000px) 54vw, (max-width: 1071px) 543px, 580px\" \/><\/figure>\n\n\n\n<p>Rotenso Ukura Seria X 3.5kW<\/p>\n\n\n\n<p>CENA 5000 z\u0142 brutto!<\/p>\n\n\n\n<p>*Ceny dotycz\u0105 prostego monta\u017cu, czyli:<\/p>\n\n\n\n<ol>\n<li>Instalacja do 4mb d\u0142ugo\u015bci,<\/li>\n\n\n\n<li>Natynkowo, bez bruzdowania,<\/li>\n\n\n\n<li>Odp\u0142yw skroplin grawitacyjnie do rynny lub do pojemnika,<\/li>\n\n\n\n<li>Zasilanie z gniazdka na wtyczk\u0119,<\/li>\n\n\n\n<li>Jednostka zewn\u0119trzna stoj\u0105ca lub wisz\u0105ca do 5m wysoko\u015bci.<\/li>\n<\/ol>\n\n\n\n<h2 class=\"wp-block-heading\"><\/h2>\n\n\n\n<p><\/p>\n\n\n\n<p><\/p>\n\n\n\n<p><\/p>\n\n\n\n<p><\/p>\n\n\n\n<figure class=\"wp-block-image size-full\"><img loading=\"lazy\" decoding=\"async\" width=\"590\" height=\"560\" src=\"http:\/\/www.climjack.pl\/wp-content\/uploads\/2022\/12\/5.3.png\" alt=\"\" class=\"wp-image-211\" srcset=\"https:\/\/www.climjack.pl\/wp-content\/uploads\/2022\/12\/5.3.png 590w, https:\/\/www.climjack.pl\/wp-content\/uploads\/2022\/12\/5.3-300x285.png 300w\" sizes=\"(max-width: 590px) 100vw, 590px\" \/><\/figure>\n\n\n\n<h2 class=\"wp-block-heading\">Rotenso Ukura Seria X 5.3 kW<\/h2>\n\n\n\n<p>CENA 6000 z\u0142 brutto!<\/p>\n\n\n\n<p>*Ceny dotycz\u0105 prostego monta\u017cu, czyli:<\/p>\n\n\n\n<ol>\n<li>Instalacja do 4mb d\u0142ugo\u015bci,<\/li>\n\n\n\n<li>Natynkowo, bez bruzdowania,<\/li>\n\n\n\n<li>Odp\u0142yw skroplin grawitacyjnie do rynny lub do pojemnika,<\/li>\n\n\n\n<li>Zasilanie z gniazdka na wtyczk\u0119,<\/li>\n\n\n\n<li>Jednostka zewn\u0119trzna stoj\u0105ca lub wisz\u0105ca do 5m wysoko\u015bci.<\/li>\n<\/ol>\n","protected":false},"excerpt":{"rendered":"<p>Rotenso Ukura Seria X 2.6kW CENA 4000 z\u0142 brutto! *Ceny dotycz\u0105 prostego monta\u017cu, czyli: Rotenso Ukura Seria X 3.5kW CENA 5000 z\u0142 brutto! *Ceny dotycz\u0105 prostego monta\u017cu, czyli: Rotenso Ukura Seria X 5.3 kW CENA 6000 z\u0142 brutto! *Ceny dotycz\u0105 prostego monta\u017cu, czyli:<\/p>\n","protected":false},"author":1,"featured_media":0,"parent":0,"menu_order":0,"comment_status":"closed","ping_status":"closed","template":"","meta":{"footnotes":""},"yoast_head":"<!-- This site is optimized with the Yoast SEO plugin v23.9 - https:\/\/yoast.com\/wordpress\/plugins\/seo\/ -->\n<title>Promocje - ClimJack<\/title>\n<meta name=\"robots\" content=\"index, follow, max-snippet:-1, max-image-preview:large, max-video-preview:-1\" \/>\n<link rel=\"canonical\" href=\"https:\/\/www.climjack.pl\/index.php\/promocje\/\" \/>\n<meta property=\"og:locale\" content=\"pl_PL\" \/>\n<meta property=\"og:type\" content=\"article\" \/>\n<meta property=\"og:title\" content=\"Promocje - ClimJack\" \/>\n<meta property=\"og:description\" content=\"Rotenso Ukura Seria X 2.6kW CENA 4000 z\u0142 brutto! *Ceny dotycz\u0105 prostego monta\u017cu, czyli: Rotenso Ukura Seria X 3.5kW CENA 5000 z\u0142 brutto! *Ceny dotycz\u0105 prostego monta\u017cu, czyli: Rotenso Ukura Seria X 5.3 kW CENA 6000 z\u0142 brutto! *Ceny dotycz\u0105 prostego monta\u017cu, czyli:\" \/>\n<meta property=\"og:url\" content=\"https:\/\/www.climjack.pl\/index.php\/promocje\/\" \/>\n<meta property=\"og:site_name\" content=\"ClimJack\" \/>\n<meta property=\"article:publisher\" content=\"https:\/\/www.facebook.com\/profile.php?id=100088537752834\" \/>\n<meta property=\"article:modified_time\" content=\"2022-12-10T19:32:28+00:00\" \/>\n<meta property=\"og:image\" content=\"http:\/\/www.climjack.pl\/wp-content\/uploads\/2022\/12\/pol_pl_Klimatyzator-Rotenso-Ukura-X-3-5-kW-1896_6.jpg\" \/>\n<meta name=\"twitter:card\" content=\"summary_large_image\" \/>\n<meta name=\"twitter:label1\" content=\"Szacowany czas czytania\" \/>\n\t<meta name=\"twitter:data1\" content=\"1 minuta\" \/>\n<script type=\"application\/ld+json\" class=\"yoast-schema-graph\">{\"@context\":\"https:\/\/schema.org\",\"@graph\":[{\"@type\":\"WebPage\",\"@id\":\"https:\/\/www.climjack.pl\/index.php\/promocje\/\",\"url\":\"https:\/\/www.climjack.pl\/index.php\/promocje\/\",\"name\":\"Promocje - ClimJack\",\"isPartOf\":{\"@id\":\"https:\/\/www.climjack.pl\/#website\"},\"primaryImageOfPage\":{\"@id\":\"https:\/\/www.climjack.pl\/index.php\/promocje\/#primaryimage\"},\"image\":{\"@id\":\"https:\/\/www.climjack.pl\/index.php\/promocje\/#primaryimage\"},\"thumbnailUrl\":\"http:\/\/www.climjack.pl\/wp-content\/uploads\/2022\/12\/pol_pl_Klimatyzator-Rotenso-Ukura-X-3-5-kW-1896_6.jpg\",\"datePublished\":\"2022-12-08T22:07:46+00:00\",\"dateModified\":\"2022-12-10T19:32:28+00:00\",\"breadcrumb\":{\"@id\":\"https:\/\/www.climjack.pl\/index.php\/promocje\/#breadcrumb\"},\"inLanguage\":\"pl-PL\",\"potentialAction\":[{\"@type\":\"ReadAction\",\"target\":[\"https:\/\/www.climjack.pl\/index.php\/promocje\/\"]}]},{\"@type\":\"ImageObject\",\"inLanguage\":\"pl-PL\",\"@id\":\"https:\/\/www.climjack.pl\/index.php\/promocje\/#primaryimage\",\"url\":\"http:\/\/www.climjack.pl\/wp-content\/uploads\/2022\/12\/pol_pl_Klimatyzator-Rotenso-Ukura-X-3-5-kW-1896_6.jpg\",\"contentUrl\":\"http:\/\/www.climjack.pl\/wp-content\/uploads\/2022\/12\/pol_pl_Klimatyzator-Rotenso-Ukura-X-3-5-kW-1896_6.jpg\"},{\"@type\":\"BreadcrumbList\",\"@id\":\"https:\/\/www.climjack.pl\/index.php\/promocje\/#breadcrumb\",\"itemListElement\":[{\"@type\":\"ListItem\",\"position\":1,\"name\":\"Strona g\u0142\u00f3wna\",\"item\":\"https:\/\/www.climjack.pl\/\"},{\"@type\":\"ListItem\",\"position\":2,\"name\":\"Promocje\"}]},{\"@type\":\"WebSite\",\"@id\":\"https:\/\/www.climjack.pl\/#website\",\"url\":\"https:\/\/www.climjack.pl\/\",\"name\":\"ClimJack\",\"description\":\"Jacek Nosek\",\"publisher\":{\"@id\":\"https:\/\/www.climjack.pl\/#organization\"},\"potentialAction\":[{\"@type\":\"SearchAction\",\"target\":{\"@type\":\"EntryPoint\",\"urlTemplate\":\"https:\/\/www.climjack.pl\/?s={search_term_string}\"},\"query-input\":{\"@type\":\"PropertyValueSpecification\",\"valueRequired\":true,\"valueName\":\"search_term_string\"}}],\"inLanguage\":\"pl-PL\"},{\"@type\":\"Organization\",\"@id\":\"https:\/\/www.climjack.pl\/#organization\",\"name\":\"ClimJack\",\"url\":\"https:\/\/www.climjack.pl\/\",\"logo\":{\"@type\":\"ImageObject\",\"inLanguage\":\"pl-PL\",\"@id\":\"https:\/\/www.climjack.pl\/#\/schema\/logo\/image\/\",\"url\":\"https:\/\/www.climjack.pl\/wp-content\/uploads\/2022\/12\/cropped-cropped-Oryginalny.png\",\"contentUrl\":\"https:\/\/www.climjack.pl\/wp-content\/uploads\/2022\/12\/cropped-cropped-Oryginalny.png\",\"width\":250,\"height\":250,\"caption\":\"ClimJack\"},\"image\":{\"@id\":\"https:\/\/www.climjack.pl\/#\/schema\/logo\/image\/\"},\"sameAs\":[\"https:\/\/www.facebook.com\/profile.php?id=100088537752834\"]}]}<\/script>\n<!-- \/ Yoast SEO plugin. -->","yoast_head_json":{"title":"Promocje - ClimJack","robots":{"index":"index","follow":"follow","max-snippet":"max-snippet:-1","max-image-preview":"max-image-preview:large","max-video-preview":"max-video-preview:-1"},"canonical":"https:\/\/www.climjack.pl\/index.php\/promocje\/","og_locale":"pl_PL","og_type":"article","og_title":"Promocje - ClimJack","og_description":"Rotenso Ukura Seria X 2.6kW CENA 4000 z\u0142 brutto! *Ceny dotycz\u0105 prostego monta\u017cu, czyli: Rotenso Ukura Seria X 3.5kW CENA 5000 z\u0142 brutto! *Ceny dotycz\u0105 prostego monta\u017cu, czyli: Rotenso Ukura Seria X 5.3 kW CENA 6000 z\u0142 brutto! *Ceny dotycz\u0105 prostego monta\u017cu, czyli:","og_url":"https:\/\/www.climjack.pl\/index.php\/promocje\/","og_site_name":"ClimJack","article_publisher":"https:\/\/www.facebook.com\/profile.php?id=100088537752834","article_modified_time":"2022-12-10T19:32:28+00:00","og_image":[{"url":"http:\/\/www.climjack.pl\/wp-content\/uploads\/2022\/12\/pol_pl_Klimatyzator-Rotenso-Ukura-X-3-5-kW-1896_6.jpg"}],"twitter_card":"summary_large_image","twitter_misc":{"Szacowany czas czytania":"1 minuta"},"schema":{"@context":"https:\/\/schema.org","@graph":[{"@type":"WebPage","@id":"https:\/\/www.climjack.pl\/index.php\/promocje\/","url":"https:\/\/www.climjack.pl\/index.php\/promocje\/","name":"Promocje - ClimJack","isPartOf":{"@id":"https:\/\/www.climjack.pl\/#website"},"primaryImageOfPage":{"@id":"https:\/\/www.climjack.pl\/index.php\/promocje\/#primaryimage"},"image":{"@id":"https:\/\/www.climjack.pl\/index.php\/promocje\/#primaryimage"},"thumbnailUrl":"http:\/\/www.climjack.pl\/wp-content\/uploads\/2022\/12\/pol_pl_Klimatyzator-Rotenso-Ukura-X-3-5-kW-1896_6.jpg","datePublished":"2022-12-08T22:07:46+00:00","dateModified":"2022-12-10T19:32:28+00:00","breadcrumb":{"@id":"https:\/\/www.climjack.pl\/index.php\/promocje\/#breadcrumb"},"inLanguage":"pl-PL","potentialAction":[{"@type":"ReadAction","target":["https:\/\/www.climjack.pl\/index.php\/promocje\/"]}]},{"@type":"ImageObject","inLanguage":"pl-PL","@id":"https:\/\/www.climjack.pl\/index.php\/promocje\/#primaryimage","url":"http:\/\/www.climjack.pl\/wp-content\/uploads\/2022\/12\/pol_pl_Klimatyzator-Rotenso-Ukura-X-3-5-kW-1896_6.jpg","contentUrl":"http:\/\/www.climjack.pl\/wp-content\/uploads\/2022\/12\/pol_pl_Klimatyzator-Rotenso-Ukura-X-3-5-kW-1896_6.jpg"},{"@type":"BreadcrumbList","@id":"https:\/\/www.climjack.pl\/index.php\/promocje\/#breadcrumb","itemListElement":[{"@type":"ListItem","position":1,"name":"Strona g\u0142\u00f3wna","item":"https:\/\/www.climjack.pl\/"},{"@type":"ListItem","position":2,"name":"Promocje"}]},{"@type":"WebSite","@id":"https:\/\/www.climjack.pl\/#website","url":"https:\/\/www.climjack.pl\/","name":"ClimJack","description":"Jacek Nosek","publisher":{"@id":"https:\/\/www.climjack.pl\/#organization"},"potentialAction":[{"@type":"SearchAction","target":{"@type":"EntryPoint","urlTemplate":"https:\/\/www.climjack.pl\/?s={search_term_string}"},"query-input":{"@type":"PropertyValueSpecification","valueRequired":true,"valueName":"search_term_string"}}],"inLanguage":"pl-PL"},{"@type":"Organization","@id":"https:\/\/www.climjack.pl\/#organization","name":"ClimJack","url":"https:\/\/www.climjack.pl\/","logo":{"@type":"ImageObject","inLanguage":"pl-PL","@id":"https:\/\/www.climjack.pl\/#\/schema\/logo\/image\/","url":"https:\/\/www.climjack.pl\/wp-content\/uploads\/2022\/12\/cropped-cropped-Oryginalny.png","contentUrl":"https:\/\/www.climjack.pl\/wp-content\/uploads\/2022\/12\/cropped-cropped-Oryginalny.png","width":250,"height":250,"caption":"ClimJack"},"image":{"@id":"https:\/\/www.climjack.pl\/#\/schema\/logo\/image\/"},"sameAs":["https:\/\/www.facebook.com\/profile.php?id=100088537752834"]}]}},"_links":{"self":[{"href":"https:\/\/www.climjack.pl\/index.php\/wp-json\/wp\/v2\/pages\/178"}],"collection":[{"href":"https:\/\/www.climjack.pl\/index.php\/wp-json\/wp\/v2\/pages"}],"about":[{"href":"https:\/\/www.climjack.pl\/index.php\/wp-json\/wp\/v2\/types\/page"}],"author":[{"embeddable":true,"href":"https:\/\/www.climjack.pl\/index.php\/wp-json\/wp\/v2\/users\/1"}],"replies":[{"embeddable":true,"href":"https:\/\/www.climjack.pl\/index.php\/wp-json\/wp\/v2\/comments?post=178"}],"version-history":[{"count":10,"href":"https:\/\/www.climjack.pl\/index.php\/wp-json\/wp\/v2\/pages\/178\/revisions"}],"predecessor-version":[{"id":212,"href":"https:\/\/www.climjack.pl\/index.php\/wp-json\/wp\/v2\/pages\/178\/revisions\/212"}],"wp:attachment":[{"href":"https:\/\/www.climjack.pl\/index.php\/wp-json\/wp\/v2\/media?parent=178"}],"curies":[{"name":"wp","href":"https:\/\/api.w.org\/{rel}","templated":true}]}}