{"id":214,"date":"2022-12-10T19:40:12","date_gmt":"2022-12-10T19:40:12","guid":{"rendered":"http:\/\/www.climjack.pl\/?page_id=214"},"modified":"2022-12-25T08:41:51","modified_gmt":"2022-12-25T08:41:51","slug":"pogotowie-elektryczne-24h","status":"publish","type":"page","link":"https:\/\/www.climjack.pl\/index.php\/pogotowie-elektryczne-24h\/","title":{"rendered":"Pogotowie Elektryczne 24h"},"content":{"rendered":"\n<figure class=\"wp-block-image size-full\"><img loading=\"lazy\" decoding=\"async\" width=\"730\" height=\"395\" src=\"http:\/\/www.climjack.pl\/wp-content\/uploads\/2022\/12\/pogotowie.jpg\" alt=\"\" class=\"wp-image-220\" srcset=\"https:\/\/www.climjack.pl\/wp-content\/uploads\/2022\/12\/pogotowie.jpg 730w, https:\/\/www.climjack.pl\/wp-content\/uploads\/2022\/12\/pogotowie-300x162.jpg 300w\" sizes=\"(max-width: 730px) 100vw, 730px\" \/><\/figure>\n\n\n\n<p><\/p>\n\n\n\n<p>Pogotowie Elektryczne 24h, nasz specjalista dojedzie w kr\u00f3tkim czasie niezale\u017cnie od pory roku, dnia czy \u015bwi\u0105tecznej daty. Szczeg\u00f3lnie cenimy sobie szybki czas reakcji, maj\u0105c na uwadze nag\u0142\u0105 potrzeb\u0119 usuni\u0119cia awarii.<\/p>\n\n\n\n<p>W ramach us\u0142ugi Pogotowie Elektryczne 24h oferujemy mi\u0119dzy innymi dojazd pomocy elektrycznej przez 7 dni w tygodniu. Przyjedziemy na terenie ca\u0142ego Tr\u00f3jmiasta w ci\u0105gu 60 minut i naprawimy awari\u0119. Do\u015bwiadczony elektryk z uprawnieniami to podstawa, postaw na do\u015bwiadczenie i zadzwo\u0144 do nas!<\/p>\n\n\n\n<p><\/p>\n","protected":false},"excerpt":{"rendered":"<p>Pogotowie Elektryczne 24h, nasz specjalista dojedzie w kr\u00f3tkim czasie niezale\u017cnie od pory roku, dnia czy \u015bwi\u0105tecznej daty. Szczeg\u00f3lnie cenimy sobie szybki czas reakcji, maj\u0105c na uwadze nag\u0142\u0105 potrzeb\u0119 usuni\u0119cia awarii. W ramach us\u0142ugi Pogotowie Elektryczne 24h oferujemy mi\u0119dzy innymi dojazd pomocy elektrycznej przez 7 dni w tygodniu. Przyjedziemy na terenie ca\u0142ego Tr\u00f3jmiasta w ci\u0105gu 60 &hellip; <\/p>\n<p class=\"link-more\"><a href=\"https:\/\/www.climjack.pl\/index.php\/pogotowie-elektryczne-24h\/\" class=\"more-link\">Czytaj dalej<span class=\"screen-reader-text\"> \u201ePogotowie Elektryczne 24h\u201d<\/span><\/a><\/p>\n","protected":false},"author":1,"featured_media":0,"parent":0,"menu_order":0,"comment_status":"closed","ping_status":"closed","template":"","meta":{"footnotes":""},"yoast_head":"<!-- This site is optimized with the Yoast SEO plugin v23.9 - https:\/\/yoast.com\/wordpress\/plugins\/seo\/ -->\n<title>Pogotowie Elektryczne 24h - ClimJack<\/title>\n<meta name=\"robots\" content=\"index, follow, max-snippet:-1, max-image-preview:large, max-video-preview:-1\" \/>\n<link rel=\"canonical\" href=\"https:\/\/www.climjack.pl\/index.php\/pogotowie-elektryczne-24h\/\" \/>\n<meta property=\"og:locale\" content=\"pl_PL\" \/>\n<meta property=\"og:type\" content=\"article\" \/>\n<meta property=\"og:title\" content=\"Pogotowie Elektryczne 24h - ClimJack\" \/>\n<meta property=\"og:description\" content=\"Pogotowie Elektryczne 24h, nasz specjalista dojedzie w kr\u00f3tkim czasie niezale\u017cnie od pory roku, dnia czy \u015bwi\u0105tecznej daty. Szczeg\u00f3lnie cenimy sobie szybki czas reakcji, maj\u0105c na uwadze nag\u0142\u0105 potrzeb\u0119 usuni\u0119cia awarii. W ramach us\u0142ugi Pogotowie Elektryczne 24h oferujemy mi\u0119dzy innymi dojazd pomocy elektrycznej przez 7 dni w tygodniu. Przyjedziemy na terenie ca\u0142ego Tr\u00f3jmiasta w ci\u0105gu 60 &hellip; Czytaj dalej \u201ePogotowie Elektryczne 24h\u201d\" \/>\n<meta property=\"og:url\" content=\"https:\/\/www.climjack.pl\/index.php\/pogotowie-elektryczne-24h\/\" \/>\n<meta property=\"og:site_name\" content=\"ClimJack\" \/>\n<meta property=\"article:publisher\" content=\"https:\/\/www.facebook.com\/profile.php?id=100088537752834\" \/>\n<meta property=\"article:modified_time\" content=\"2022-12-25T08:41:51+00:00\" \/>\n<meta property=\"og:image\" content=\"http:\/\/www.climjack.pl\/wp-content\/uploads\/2022\/12\/pogotowie.jpg\" \/>\n<meta name=\"twitter:card\" content=\"summary_large_image\" \/>\n<script type=\"application\/ld+json\" class=\"yoast-schema-graph\">{\"@context\":\"https:\/\/schema.org\",\"@graph\":[{\"@type\":\"WebPage\",\"@id\":\"https:\/\/www.climjack.pl\/index.php\/pogotowie-elektryczne-24h\/\",\"url\":\"https:\/\/www.climjack.pl\/index.php\/pogotowie-elektryczne-24h\/\",\"name\":\"Pogotowie Elektryczne 24h - ClimJack\",\"isPartOf\":{\"@id\":\"https:\/\/www.climjack.pl\/#website\"},\"primaryImageOfPage\":{\"@id\":\"https:\/\/www.climjack.pl\/index.php\/pogotowie-elektryczne-24h\/#primaryimage\"},\"image\":{\"@id\":\"https:\/\/www.climjack.pl\/index.php\/pogotowie-elektryczne-24h\/#primaryimage\"},\"thumbnailUrl\":\"http:\/\/www.climjack.pl\/wp-content\/uploads\/2022\/12\/pogotowie.jpg\",\"datePublished\":\"2022-12-10T19:40:12+00:00\",\"dateModified\":\"2022-12-25T08:41:51+00:00\",\"breadcrumb\":{\"@id\":\"https:\/\/www.climjack.pl\/index.php\/pogotowie-elektryczne-24h\/#breadcrumb\"},\"inLanguage\":\"pl-PL\",\"potentialAction\":[{\"@type\":\"ReadAction\",\"target\":[\"https:\/\/www.climjack.pl\/index.php\/pogotowie-elektryczne-24h\/\"]}]},{\"@type\":\"ImageObject\",\"inLanguage\":\"pl-PL\",\"@id\":\"https:\/\/www.climjack.pl\/index.php\/pogotowie-elektryczne-24h\/#primaryimage\",\"url\":\"http:\/\/www.climjack.pl\/wp-content\/uploads\/2022\/12\/pogotowie.jpg\",\"contentUrl\":\"http:\/\/www.climjack.pl\/wp-content\/uploads\/2022\/12\/pogotowie.jpg\"},{\"@type\":\"BreadcrumbList\",\"@id\":\"https:\/\/www.climjack.pl\/index.php\/pogotowie-elektryczne-24h\/#breadcrumb\",\"itemListElement\":[{\"@type\":\"ListItem\",\"position\":1,\"name\":\"Strona g\u0142\u00f3wna\",\"item\":\"https:\/\/www.climjack.pl\/\"},{\"@type\":\"ListItem\",\"position\":2,\"name\":\"Pogotowie Elektryczne 24h\"}]},{\"@type\":\"WebSite\",\"@id\":\"https:\/\/www.climjack.pl\/#website\",\"url\":\"https:\/\/www.climjack.pl\/\",\"name\":\"ClimJack\",\"description\":\"Jacek Nosek\",\"publisher\":{\"@id\":\"https:\/\/www.climjack.pl\/#organization\"},\"potentialAction\":[{\"@type\":\"SearchAction\",\"target\":{\"@type\":\"EntryPoint\",\"urlTemplate\":\"https:\/\/www.climjack.pl\/?s={search_term_string}\"},\"query-input\":{\"@type\":\"PropertyValueSpecification\",\"valueRequired\":true,\"valueName\":\"search_term_string\"}}],\"inLanguage\":\"pl-PL\"},{\"@type\":\"Organization\",\"@id\":\"https:\/\/www.climjack.pl\/#organization\",\"name\":\"ClimJack\",\"url\":\"https:\/\/www.climjack.pl\/\",\"logo\":{\"@type\":\"ImageObject\",\"inLanguage\":\"pl-PL\",\"@id\":\"https:\/\/www.climjack.pl\/#\/schema\/logo\/image\/\",\"url\":\"https:\/\/www.climjack.pl\/wp-content\/uploads\/2022\/12\/cropped-cropped-Oryginalny.png\",\"contentUrl\":\"https:\/\/www.climjack.pl\/wp-content\/uploads\/2022\/12\/cropped-cropped-Oryginalny.png\",\"width\":250,\"height\":250,\"caption\":\"ClimJack\"},\"image\":{\"@id\":\"https:\/\/www.climjack.pl\/#\/schema\/logo\/image\/\"},\"sameAs\":[\"https:\/\/www.facebook.com\/profile.php?id=100088537752834\"]}]}<\/script>\n<!-- \/ Yoast SEO plugin. -->","yoast_head_json":{"title":"Pogotowie Elektryczne 24h - ClimJack","robots":{"index":"index","follow":"follow","max-snippet":"max-snippet:-1","max-image-preview":"max-image-preview:large","max-video-preview":"max-video-preview:-1"},"canonical":"https:\/\/www.climjack.pl\/index.php\/pogotowie-elektryczne-24h\/","og_locale":"pl_PL","og_type":"article","og_title":"Pogotowie Elektryczne 24h - ClimJack","og_description":"Pogotowie Elektryczne 24h, nasz specjalista dojedzie w kr\u00f3tkim czasie niezale\u017cnie od pory roku, dnia czy \u015bwi\u0105tecznej daty. Szczeg\u00f3lnie cenimy sobie szybki czas reakcji, maj\u0105c na uwadze nag\u0142\u0105 potrzeb\u0119 usuni\u0119cia awarii. W ramach us\u0142ugi Pogotowie Elektryczne 24h oferujemy mi\u0119dzy innymi dojazd pomocy elektrycznej przez 7 dni w tygodniu. Przyjedziemy na terenie ca\u0142ego Tr\u00f3jmiasta w ci\u0105gu 60 &hellip; Czytaj dalej \u201ePogotowie Elektryczne 24h\u201d","og_url":"https:\/\/www.climjack.pl\/index.php\/pogotowie-elektryczne-24h\/","og_site_name":"ClimJack","article_publisher":"https:\/\/www.facebook.com\/profile.php?id=100088537752834","article_modified_time":"2022-12-25T08:41:51+00:00","og_image":[{"url":"http:\/\/www.climjack.pl\/wp-content\/uploads\/2022\/12\/pogotowie.jpg"}],"twitter_card":"summary_large_image","schema":{"@context":"https:\/\/schema.org","@graph":[{"@type":"WebPage","@id":"https:\/\/www.climjack.pl\/index.php\/pogotowie-elektryczne-24h\/","url":"https:\/\/www.climjack.pl\/index.php\/pogotowie-elektryczne-24h\/","name":"Pogotowie Elektryczne 24h - ClimJack","isPartOf":{"@id":"https:\/\/www.climjack.pl\/#website"},"primaryImageOfPage":{"@id":"https:\/\/www.climjack.pl\/index.php\/pogotowie-elektryczne-24h\/#primaryimage"},"image":{"@id":"https:\/\/www.climjack.pl\/index.php\/pogotowie-elektryczne-24h\/#primaryimage"},"thumbnailUrl":"http:\/\/www.climjack.pl\/wp-content\/uploads\/2022\/12\/pogotowie.jpg","datePublished":"2022-12-10T19:40:12+00:00","dateModified":"2022-12-25T08:41:51+00:00","breadcrumb":{"@id":"https:\/\/www.climjack.pl\/index.php\/pogotowie-elektryczne-24h\/#breadcrumb"},"inLanguage":"pl-PL","potentialAction":[{"@type":"ReadAction","target":["https:\/\/www.climjack.pl\/index.php\/pogotowie-elektryczne-24h\/"]}]},{"@type":"ImageObject","inLanguage":"pl-PL","@id":"https:\/\/www.climjack.pl\/index.php\/pogotowie-elektryczne-24h\/#primaryimage","url":"http:\/\/www.climjack.pl\/wp-content\/uploads\/2022\/12\/pogotowie.jpg","contentUrl":"http:\/\/www.climjack.pl\/wp-content\/uploads\/2022\/12\/pogotowie.jpg"},{"@type":"BreadcrumbList","@id":"https:\/\/www.climjack.pl\/index.php\/pogotowie-elektryczne-24h\/#breadcrumb","itemListElement":[{"@type":"ListItem","position":1,"name":"Strona g\u0142\u00f3wna","item":"https:\/\/www.climjack.pl\/"},{"@type":"ListItem","position":2,"name":"Pogotowie Elektryczne 24h"}]},{"@type":"WebSite","@id":"https:\/\/www.climjack.pl\/#website","url":"https:\/\/www.climjack.pl\/","name":"ClimJack","description":"Jacek Nosek","publisher":{"@id":"https:\/\/www.climjack.pl\/#organization"},"potentialAction":[{"@type":"SearchAction","target":{"@type":"EntryPoint","urlTemplate":"https:\/\/www.climjack.pl\/?s={search_term_string}"},"query-input":{"@type":"PropertyValueSpecification","valueRequired":true,"valueName":"search_term_string"}}],"inLanguage":"pl-PL"},{"@type":"Organization","@id":"https:\/\/www.climjack.pl\/#organization","name":"ClimJack","url":"https:\/\/www.climjack.pl\/","logo":{"@type":"ImageObject","inLanguage":"pl-PL","@id":"https:\/\/www.climjack.pl\/#\/schema\/logo\/image\/","url":"https:\/\/www.climjack.pl\/wp-content\/uploads\/2022\/12\/cropped-cropped-Oryginalny.png","contentUrl":"https:\/\/www.climjack.pl\/wp-content\/uploads\/2022\/12\/cropped-cropped-Oryginalny.png","width":250,"height":250,"caption":"ClimJack"},"image":{"@id":"https:\/\/www.climjack.pl\/#\/schema\/logo\/image\/"},"sameAs":["https:\/\/www.facebook.com\/profile.php?id=100088537752834"]}]}},"_links":{"self":[{"href":"https:\/\/www.climjack.pl\/index.php\/wp-json\/wp\/v2\/pages\/214"}],"collection":[{"href":"https:\/\/www.climjack.pl\/index.php\/wp-json\/wp\/v2\/pages"}],"about":[{"href":"https:\/\/www.climjack.pl\/index.php\/wp-json\/wp\/v2\/types\/page"}],"author":[{"embeddable":true,"href":"https:\/\/www.climjack.pl\/index.php\/wp-json\/wp\/v2\/users\/1"}],"replies":[{"embeddable":true,"href":"https:\/\/www.climjack.pl\/index.php\/wp-json\/wp\/v2\/comments?post=214"}],"version-history":[{"count":3,"href":"https:\/\/www.climjack.pl\/index.php\/wp-json\/wp\/v2\/pages\/214\/revisions"}],"predecessor-version":[{"id":238,"href":"https:\/\/www.climjack.pl\/index.php\/wp-json\/wp\/v2\/pages\/214\/revisions\/238"}],"wp:attachment":[{"href":"https:\/\/www.climjack.pl\/index.php\/wp-json\/wp\/v2\/media?parent=214"}],"curies":[{"name":"wp","href":"https:\/\/api.w.org\/{rel}","templated":true}]}}